{"id":32,"date":"2023-09-14T12:26:11","date_gmt":"2023-09-14T10:26:11","guid":{"rendered":"http:\/\/ifntpuc.cluster027.hosting.ovh.net\/index.php\/colibri-wp\/"},"modified":"2025-06-10T16:13:16","modified_gmt":"2025-06-10T14:13:16","slug":"colibri-wp","status":"publish","type":"page","link":"https:\/\/valentinapeano-osteopata.it\/","title":{"rendered":"Home page"},"content":{"rendered":"<div data-colibri-id=\"32-c1\" class=\"style-190 style-local-32-c1 position-relative\">\n  <!---->\n  <div data-colibri-component=\"section\" data-colibri-id=\"32-c2\" id=\"about\" class=\"h-section h-section-global-spacing d-flex align-items-lg-center align-items-md-center align-items-center style-198 style-local-32-c2 position-relative\">\n    <!---->\n    <!---->\n    <div class=\"h-section-grid-container h-section-boxed-container\">\n      <!---->\n      <div data-colibri-id=\"32-c3\" class=\"h-row-container gutters-row-lg-0 gutters-row-md-0 gutters-row-0 gutters-row-v-lg-0 gutters-row-v-md-0 gutters-row-v-0 style-199 style-local-32-c3 position-relative\">\n        <!---->\n        <div class=\"h-row justify-content-lg-center justify-content-md-center justify-content-center align-items-lg-stretch align-items-md-stretch align-items-stretch gutters-col-lg-0 gutters-col-md-0 gutters-col-0 gutters-col-v-lg-0 gutters-col-v-md-0 gutters-col-v-0\">\n          <!---->\n          <div class=\"h-column h-column-container d-flex h-col-lg-auto h-col-md-auto h-col-auto style-200-outer style-local-32-c4-outer\">\n            <div data-colibri-id=\"32-c4\" class=\"d-flex h-flex-basis h-column__inner h-px-lg-0 h-px-md-0 h-px-0 v-inner-lg-0 v-inner-md-0 v-inner-0 style-200 style-local-32-c4 position-relative\">\n              <!---->\n              <!---->\n              <div class=\"w-100 h-y-container h-column__content h-column__v-align flex-basis-100 align-self-lg-start align-self-md-start align-self-start\">\n                <!---->\n                <div data-colibri-id=\"32-c5\" class=\"h-global-transition-all h-heading style-202 style-local-32-c5 position-relative h-element\">\n                  <!---->\n                  <div class=\"h-heading__outer style-202 style-local-32-c5\">\n                    <!---->\n                    <!---->\n                    <h1 class=\"\">L&#8217;Osteopatia Pediatrica<\/h1>\n                  <\/div>\n                <\/div>\n                <div data-colibri-id=\"32-c6\" class=\"h-text h-text-component style-203 style-local-32-c6 position-relative h-element\">\n                  <!---->\n                  <!---->\n                  <div class=\"\">\n                    <p>L\u2019osteopatia pediatrica si basa sull\u2019apprendimento teorico e manuale delle varie disfunzioni muscolo scheletriche che possono affliggere il neonato dai primi giorni post-parto fino al conseguimento della maggiore et\u00e0.<\/p>\n                    <p>Dunque, questa specialit\u00e0 \u00e8 finalizzata&nbsp;<strong style=\"font-family: inherit; font-size: inherit;\">a favorire il benessere del neonato e del bambino<\/strong>&nbsp;(e, indirettamente, dei genitori), portando benefici nel prevenire\n                      o curare disturbi quali: difficolt\u00e0 di suzione, stipsi, coliche, reflusso, problemi del sonno e irritabilit\u00e0 o ancora asimmetrie craniche e torcicollo.<\/p>\n                    <p>Gi\u00e0 durante la gestazione, infatti, \u00e8 possibile che, nel feto, l\u2019apparato muscolo-scheletrico in formazione subisca compressioni e stiramenti. Questo pu\u00f2 portare a piccole disfunzioni delle ossa di cranio, bacino e colonna, con conseguente\n                      successiva difficolt\u00e0, per esempio, nella suzione da parte del neonato.<\/p>\n                    <p>Allo stesso modo, anche il trauma del parto pu\u00f2 causare contratture e rigidit\u00e0 articolari o, a volte, piccole deformazioni del cranio,&nbsp;<strong style=\"font-family: inherit; font-size: inherit;\">che non sempre vengono intercettate tempestivamente<\/strong>.<\/p>\n                    <p>Se non trattate, queste disfunzioni possono alterare la normale crescita ossea e l\u2019efficienza di alcuni nervi cranici, provocando disturbi quali rigurgiti frequenti, coliche, irritabilit\u00e0, pianto immotivato, tutti risolvibili con la\n                      terapia osteopatica.<\/p>\n                    <p><em style=\"font-family: inherit; font-size: inherit;\">Dunque, nello specifico, quali problematiche del bambino possono essere trattate manualmente dall\u2019osteopata?<\/em><\/p>\n                    <p>Le disfunzioni pi\u00f9 frequenti che hanno un risvolto positivo a seguito delle manipolazioni osteopatiche sono:<\/p>\n                    <p>\u2022 atteggiamenti posturali scorretti generati durante la gestazione e\/o il parto\n                      <br>\u2022 torcicollo miogeno\n                      <br>\u2022 coliche intestinali gassose e stipsi\n                      <br>\u2022 plagiocefalia posizionale (anomalia nella forma del cranio)\n                      <br>\u2022 irritabilit\u00e0 e disturbi del sonno\n                      <br>\u2022 atteggiamenti scoliotici\n                      <br>\u2022 cefalee<\/p>\n                    <p>Infine, \u00e8 importante ricordare che il trattamento manipolativo pediatrico\/neonatale&nbsp;<strong style=\"font-family: inherit; font-size: inherit;\">non \u00e8 doloroso<\/strong>.<\/p>\n                    <p>Le tecniche utilizzate in ambito osteopatico pediatrico&nbsp;<strong style=\"font-family: inherit; font-size: inherit;\">sono molto dolci<\/strong>, poco profonde ed invasive e molto spesso assecondano il movimento del neonato in modo\n                      tale da non farlo sentire \u201cbloccato\u201d dalle mani dell\u2019operatore.<\/p>\n                    <p>Inoltre, molto spesso il trattamento neonatale e pediatrico pu\u00f2 essere utile per prevenire eventuali peggioramenti posturali nel corso delle varie fasi di crescita.<\/p>\n                  <\/div>\n                <\/div>\n              <\/div>\n            <\/div>\n          <\/div>\n        <\/div>\n      <\/div>\n    <\/div>\n  <\/div>\n  <div data-colibri-component=\"section\" data-colibri-id=\"32-c7\" id=\"contact\" class=\"h-section h-section-global-spacing d-flex align-items-lg-center align-items-md-center align-items-center style-334 style-local-32-c7 position-relative\">\n    <div class=\"background-wrapper\">\n      <div class=\"background-layer background-layer-media-container-lg\">\n        <!---->\n        <div class=\"overlay-layer\">\n          <div class=\"overlay-image-layer\" style=\"background-color: rgb(23, 37, 42); opacity: 0.5;\"><\/div>\n        <\/div>\n      <\/div>\n      <div class=\"background-layer background-layer-media-container-md\">\n        <!---->\n        <div class=\"overlay-layer\">\n          <div class=\"overlay-image-layer\" style=\"background-color: rgb(23, 37, 42); opacity: 0.5;\"><\/div>\n        <\/div>\n      <\/div>\n      <div class=\"background-layer background-layer-media-container\">\n        <!---->\n        <div class=\"overlay-layer\">\n          <div class=\"overlay-image-layer\" style=\"background-color: rgb(23, 37, 42); opacity: 0.5;\"><\/div>\n        <\/div>\n      <\/div>\n    <\/div>\n    <!---->\n    <div class=\"h-section-grid-container h-section-boxed-container\">\n      <!---->\n      <div data-colibri-id=\"32-c8\" class=\"h-row-container gutters-row-lg-2 gutters-row-md-2 gutters-row-2 gutters-row-v-lg-2 gutters-row-v-md-2 gutters-row-v-2 style-335 style-local-32-c8 position-relative\">\n        <!---->\n        <div class=\"h-row justify-content-lg-center justify-content-md-center justify-content-center align-items-lg-stretch align-items-md-stretch align-items-stretch gutters-col-lg-2 gutters-col-md-2 gutters-col-2 gutters-col-v-lg-2 gutters-col-v-md-2 gutters-col-v-2\">\n          <!---->\n          <div class=\"h-column h-column-container d-flex h-col-lg-auto h-col-md-auto h-col-auto style-336-outer style-local-32-c9-outer\">\n            <div data-colibri-id=\"32-c9\" class=\"d-flex h-flex-basis h-column__inner h-px-lg-0 h-px-md-0 h-px-0 v-inner-lg-0 v-inner-md-0 v-inner-0 style-336 style-local-32-c9 position-relative\">\n              <!---->\n              <!---->\n              <div class=\"w-100 h-y-container h-column__content h-column__v-align flex-basis-100 align-self-lg-center align-self-md-center align-self-center\">\n                <!---->\n                <div data-colibri-id=\"32-c10\" class=\"h-row-container gutters-row-lg-0 gutters-row-md-0 gutters-row-0 gutters-row-v-lg-0 gutters-row-v-md-0 gutters-row-v-0 style-337 style-local-32-c10 position-relative\">\n                  <!---->\n                  <div class=\"h-row justify-content-lg-center justify-content-md-center justify-content-center align-items-lg-stretch align-items-md-stretch align-items-stretch gutters-col-lg-0 gutters-col-md-0 gutters-col-0 gutters-col-v-lg-0 gutters-col-v-md-0 gutters-col-v-0\">\n                    <!---->\n                    <div class=\"h-column h-column-container d-flex h-col-lg-6 h-col-md-6 h-col-12 style-338-outer style-local-32-c11-outer\">\n                      <div data-colibri-id=\"32-c11\" class=\"d-flex h-flex-basis h-column__inner h-px-lg-0 h-px-md-0 h-px-0 v-inner-lg-0 v-inner-md-0 v-inner-0 style-338 style-local-32-c11 position-relative\">\n                        <!---->\n                        <!---->\n                        <div class=\"w-100 h-y-container h-column__content h-column__v-align flex-basis-100 align-self-lg-center align-self-md-center align-self-center\">\n                          <!---->\n                          <div data-colibri-id=\"32-c12\" class=\"style-342 style-local-32-c12 position-relative h-element\">\n                            <!---->\n                            <div class=\"d-flex flex-wrap h-social-icons justify-content-lg-center justify-content-md-center justify-content-center\">\n                              <div class=\"social-icon-container d-inline-flex\">\n                                <a href=\"https:\/\/www.facebook.com\/valentina.peano\" h-use-smooth-scroll=\"true\">\n                                  <div class=\"icon-container h-social-icon h-global-transition\">\n                                    <div class=\"h-icon-svg\" style=\"width: 100%; height: 100%;\">\n                                      <!--Icon by Font Awesome (https:\/\/fontawesome.com)-->\n                                      <svg version=\"1.1\" xmlns=\"http:\/\/www.w3.org\/2000\/svg\" xmlns:xlink=\"http:\/\/www.w3.org\/1999\/xlink\" id=\"facebook-square\" viewBox=\"0 0 1536 1896.0833\">\n                                        <path d=\"M1248 128q119 0 203.5 84.5T1536 416v960q0 119-84.5 203.5T1248 1664h-188v-595h199l30-232h-229V689q0-56 23.5-84t91.5-28l122-1V369q-63-9-178-9-136 0-217.5 80T820 666v171H620v232h200v595H288q-119 0-203.5-84.5T0 1376V416q0-119 84.5-203.5T288 128h960z\"><\/path>\n                                      <\/svg>\n                                    <\/div>\n                                  <\/div>\n                                <\/a>\n                              <\/div>\n                              <div class=\"social-icon-container d-inline-flex\">\n                                <a href=\"https:\/\/instagram.com\/valentina_peano?igshid=OGQ5ZDc2ODk2ZA==\" h-use-smooth-scroll=\"true\">\n                                  <div class=\"icon-container h-social-icon h-global-transition\">\n                                    <div class=\"h-icon-svg\" style=\"width: 100%; height: 100%;\">\n                                      <!--Icon by Socicon (http:\/\/www.socicon.com)-->\n                                      <svg version=\"1.1\" xmlns=\"http:\/\/www.w3.org\/2000\/svg\" viewBox=\"0 0 1500 1500\">\n\n                                        <path d=\"M750 134.766c202.148 0 222.656 2.93 301.758 5.859 76.172 2.93 114.258 14.648 140.625 23.438 35.156 14.648 61.523 32.227 84.961 55.664 26.367 26.367 43.945 52.734 55.664 84.961 11.719 29.297 23.438 67.383 26.367 140.625 2.93 82.031 5.859 102.539 5.859 304.688s-2.93 222.656-5.859 301.758c-2.93 76.172-14.648 114.258-23.438 140.625-14.648 35.156-32.227 61.523-55.664 84.961-26.367 26.367-52.734 43.945-84.961 55.664-29.297 11.719-67.383 23.438-140.625 26.367-82.031 2.93-102.539 5.859-304.688 5.859s-222.656-2.93-301.758-5.859c-76.172-2.93-114.258-14.648-140.625-23.438-35.156-14.648-61.523-32.227-84.961-55.664-26.367-26.367-43.945-52.734-55.664-84.961-11.719-29.297-23.438-67.383-26.367-140.625-2.93-82.031-5.859-102.539-5.859-304.688s2.93-222.656 5.859-301.758c2.93-76.172 14.648-114.258 23.438-140.625 14.648-35.156 32.227-61.523 55.664-84.961 26.367-26.367 52.734-43.945 84.961-55.664 29.297-11.719 67.383-23.438 140.625-26.367 82.031-2.93 102.539-5.859 304.688-5.859M750 0c-205.078 0-228.516 2.93-307.617 5.859-82.031 2.93-137.695 14.648-181.641 32.227-49.805 20.508-93.75 46.875-134.766 87.891s-67.383 84.961-87.891 134.766c-17.578 46.875-29.297 99.609-32.227 181.641-2.93 79.102-5.859 102.539-5.859 307.617s2.93 228.516 5.859 307.617c2.93 82.031 14.648 137.695 32.227 181.641 20.508 49.805 46.875 93.75 87.891 134.766s84.961 67.383 134.766 87.891c46.875 17.578 99.609 29.297 181.641 32.227 79.102 2.93 102.539 5.859 307.617 5.859s228.516-2.93 307.617-5.859c82.031-2.93 137.695-14.648 181.641-32.227 49.805-20.508 93.75-46.875 134.766-87.891s67.383-84.961 87.891-134.766c17.578-46.875 29.297-99.609 32.227-181.641 2.93-79.102 5.859-102.539 5.859-307.617s-2.93-228.516-5.859-307.617c-2.93-82.031-14.648-137.695-32.227-181.641-20.508-49.805-46.875-93.75-87.891-134.766s-84.961-67.383-134.766-87.891c-46.875-17.578-99.609-29.297-181.641-32.227-79.102-2.93-102.539-5.859-307.617-5.859zM750 363.281c-213.867 0-386.719 172.852-386.719 386.719s172.852 386.719 386.719 386.719c213.867 0 386.719-172.852 386.719-386.719s-172.852-386.719-386.719-386.719zM750 1001.953c-137.695 0-251.953-114.258-251.953-251.953s114.258-251.953 251.953-251.953c137.695 0 251.953 114.258 251.953 251.953s-114.258 251.953-251.953 251.953zM1239.258 348.633c0 49.805-38.086 90.82-87.891 90.82s-90.82-41.016-90.82-90.82c0-49.805 41.016-87.891 90.82-87.891s87.891 38.086 87.891 87.891z\"><\/path>\n                                      <\/svg>\n                                    <\/div>\n                                  <\/div>\n                                <\/a>\n                              <\/div>\n                            <\/div>\n                          <\/div>\n                        <\/div>\n                      <\/div>\n                    <\/div>\n                    <div class=\"h-column h-column-container d-flex h-col-lg-6 h-col-md-6 h-col-12 style-343-outer style-local-32-c13-outer\">\n                      <div data-colibri-id=\"32-c13\" class=\"d-flex h-flex-basis h-column__inner h-px-lg-0 h-px-md-0 h-px-0 v-inner-lg-0 v-inner-md-0 v-inner-0 style-343 style-local-32-c13 position-relative\">\n                        <!---->\n                        <!---->\n                        <div class=\"w-100 h-y-container h-column__content h-column__v-align flex-basis-100 align-self-lg-center align-self-md-center align-self-center\">\n                          <!---->\n                          <div data-colibri-id=\"32-c14\" class=\"style-344 style-local-32-c14 position-relative h-element\">\n                            <!---->\n                            <div class=\"h-global-transition-all h-global-transition h-global-transition-all h-contact-form-shortcode\">Via Cavour 51, Centallo (CN)\n\nvalentinaosteopata@outlook.it\n\ncell. 3474335364  \n\n  P.I. 03629140041<\/div>\n                          <\/div>\n                        <\/div>\n                      <\/div>\n                    <\/div>\n                  <\/div>\n                <\/div>\n              <\/div>\n            <\/div>\n          <\/div>\n        <\/div>\n      <\/div>\n    <\/div>\n  <\/div>\n  <div data-colibri-component=\"section\" data-colibri-id=\"32-c15\" id=\"custom\" class=\"h-section h-section-global-spacing d-flex align-items-lg-center align-items-md-center align-items-center style-352 style-local-32-c15 position-relative\">\n    <!---->\n    <!---->\n    <div class=\"h-section-grid-container h-section-boxed-container\">\n      <!---->\n      <div data-colibri-id=\"32-c16\" class=\"h-row-container gutters-row-lg-2 gutters-row-md-2 gutters-row-0 gutters-row-v-lg-2 gutters-row-v-md-2 gutters-row-v-2 style-353 style-local-32-c16 position-relative\">\n        <!---->\n        <div class=\"h-row justify-content-lg-center justify-content-md-center justify-content-center align-items-lg-stretch align-items-md-stretch align-items-stretch gutters-col-lg-2 gutters-col-md-2 gutters-col-0 gutters-col-v-lg-2 gutters-col-v-md-2 gutters-col-v-2\">\n          <!---->\n          <div class=\"h-column h-column-container d-flex h-col-lg-auto h-col-md-auto h-col-auto style-354-outer style-local-32-c17-outer\">\n            <div data-colibri-id=\"32-c17\" class=\"d-flex h-flex-basis h-column__inner h-ui-empty-state-container h-px-lg-2 h-px-md-2 h-px-2 v-inner-lg-2 v-inner-md-2 v-inner-2 style-354 style-local-32-c17 position-relative\">\n              <!---->\n              <!---->\n              <div class=\"w-100 h-y-container h-column__content h-column__v-align flex-basis-100\">\n                <!---->\n              <\/div>\n            <\/div>\n          <\/div>\n        <\/div>\n      <\/div>\n    <\/div>\n  <\/div>\n<\/div>","protected":false},"excerpt":{"rendered":"<p>L&#8217;Osteopatia Pediatrica L\u2019osteopatia pediatrica si basa sull\u2019apprendimento teorico e manuale delle varie disfunzioni muscolo scheletriche che possono affliggere il neonato dai primi giorni post-parto fino al conseguimento della maggiore et\u00e0. Dunque, questa specialit\u00e0 \u00e8 finalizzata&nbsp;a favorire il benessere del neonato e del bambino&nbsp;(e, indirettamente, dei genitori), portando benefici nel prevenire o curare disturbi quali: difficolt\u00e0 [&hellip;]<\/p>\n","protected":false},"author":1,"featured_media":0,"parent":0,"menu_order":0,"comment_status":"closed","ping_status":"closed","template":"page-templates\/homepage.php","meta":{"footnotes":""},"class_list":["post-32","page","type-page","status-publish","hentry"],"yoast_head":"<!-- This site is optimized with the Yoast SEO plugin v21.9.1 - https:\/\/yoast.com\/wordpress\/plugins\/seo\/ -->\n<title>Home page - Valentina Peano<\/title>\n<meta name=\"robots\" content=\"index, follow, max-snippet:-1, max-image-preview:large, max-video-preview:-1\" \/>\n<link rel=\"canonical\" href=\"https:\/\/valentinapeano-osteopata.it\/\" \/>\n<meta property=\"og:locale\" content=\"it_IT\" \/>\n<meta property=\"og:type\" content=\"article\" \/>\n<meta property=\"og:title\" content=\"Home page - Valentina Peano\" \/>\n<meta property=\"og:description\" content=\"L&#8217;Osteopatia Pediatrica L\u2019osteopatia pediatrica si basa sull\u2019apprendimento teorico e manuale delle varie disfunzioni muscolo scheletriche che possono affliggere il neonato dai primi giorni post-parto fino al conseguimento della maggiore et\u00e0. Dunque, questa specialit\u00e0 \u00e8 finalizzata&nbsp;a favorire il benessere del neonato e del bambino&nbsp;(e, indirettamente, dei genitori), portando benefici nel prevenire o curare disturbi quali: difficolt\u00e0 [&hellip;]\" \/>\n<meta property=\"og:url\" content=\"https:\/\/valentinapeano-osteopata.it\/\" \/>\n<meta property=\"og:site_name\" content=\"Valentina Peano\" \/>\n<meta property=\"article:modified_time\" content=\"2025-06-10T14:13:16+00:00\" \/>\n<meta name=\"twitter:card\" content=\"summary_large_image\" \/>\n<meta name=\"twitter:label1\" content=\"Tempo di lettura stimato\" \/>\n\t<meta name=\"twitter:data1\" content=\"1 minuto\" \/>\n<script type=\"application\/ld+json\" class=\"yoast-schema-graph\">{\"@context\":\"https:\/\/schema.org\",\"@graph\":[{\"@type\":\"WebPage\",\"@id\":\"https:\/\/valentinapeano-osteopata.it\/\",\"url\":\"https:\/\/valentinapeano-osteopata.it\/\",\"name\":\"Home page - Valentina Peano\",\"isPartOf\":{\"@id\":\"https:\/\/valentinapeano-osteopata.it\/#website\"},\"datePublished\":\"2023-09-14T10:26:11+00:00\",\"dateModified\":\"2025-06-10T14:13:16+00:00\",\"breadcrumb\":{\"@id\":\"https:\/\/valentinapeano-osteopata.it\/#breadcrumb\"},\"inLanguage\":\"it-IT\",\"potentialAction\":[{\"@type\":\"ReadAction\",\"target\":[\"https:\/\/valentinapeano-osteopata.it\/\"]}]},{\"@type\":\"BreadcrumbList\",\"@id\":\"https:\/\/valentinapeano-osteopata.it\/#breadcrumb\",\"itemListElement\":[{\"@type\":\"ListItem\",\"position\":1,\"name\":\"Home\",\"item\":\"https:\/\/valentinapeano-osteopata.it\/\"},{\"@type\":\"ListItem\",\"position\":2,\"name\":\"Home page\"}]},{\"@type\":\"WebSite\",\"@id\":\"https:\/\/valentinapeano-osteopata.it\/#website\",\"url\":\"https:\/\/valentinapeano-osteopata.it\/\",\"name\":\"Valentina Peano Osteopata\",\"description\":\"Osteopata\",\"publisher\":{\"@id\":\"https:\/\/valentinapeano-osteopata.it\/#\/schema\/person\/7c429a2423d0834a9faeb6e5a35d1f6b\"},\"potentialAction\":[{\"@type\":\"SearchAction\",\"target\":{\"@type\":\"EntryPoint\",\"urlTemplate\":\"https:\/\/valentinapeano-osteopata.it\/?s={search_term_string}\"},\"query-input\":\"required name=search_term_string\"}],\"inLanguage\":\"it-IT\"},{\"@type\":[\"Person\",\"Organization\"],\"@id\":\"https:\/\/valentinapeano-osteopata.it\/#\/schema\/person\/7c429a2423d0834a9faeb6e5a35d1f6b\",\"name\":\"Valentina Peano\",\"image\":{\"@type\":\"ImageObject\",\"inLanguage\":\"it-IT\",\"@id\":\"https:\/\/valentinapeano-osteopata.it\/#\/schema\/person\/image\/\",\"url\":\"https:\/\/valentinapeano-osteopata.it\/wp-content\/uploads\/2024\/01\/cropped-Logo.png\",\"contentUrl\":\"https:\/\/valentinapeano-osteopata.it\/wp-content\/uploads\/2024\/01\/cropped-Logo.png\",\"width\":292,\"height\":173,\"caption\":\"Valentina Peano\"},\"logo\":{\"@id\":\"https:\/\/valentinapeano-osteopata.it\/#\/schema\/person\/image\/\"},\"sameAs\":[\"https:\/\/valentinapeano-osteopata.it\/\"]}]}<\/script>\n<!-- \/ Yoast SEO plugin. -->","yoast_head_json":{"title":"Home page - Valentina Peano","robots":{"index":"index","follow":"follow","max-snippet":"max-snippet:-1","max-image-preview":"max-image-preview:large","max-video-preview":"max-video-preview:-1"},"canonical":"https:\/\/valentinapeano-osteopata.it\/","og_locale":"it_IT","og_type":"article","og_title":"Home page - Valentina Peano","og_description":"L&#8217;Osteopatia Pediatrica L\u2019osteopatia pediatrica si basa sull\u2019apprendimento teorico e manuale delle varie disfunzioni muscolo scheletriche che possono affliggere il neonato dai primi giorni post-parto fino al conseguimento della maggiore et\u00e0. Dunque, questa specialit\u00e0 \u00e8 finalizzata&nbsp;a favorire il benessere del neonato e del bambino&nbsp;(e, indirettamente, dei genitori), portando benefici nel prevenire o curare disturbi quali: difficolt\u00e0 [&hellip;]","og_url":"https:\/\/valentinapeano-osteopata.it\/","og_site_name":"Valentina Peano","article_modified_time":"2025-06-10T14:13:16+00:00","twitter_card":"summary_large_image","twitter_misc":{"Tempo di lettura stimato":"1 minuto"},"schema":{"@context":"https:\/\/schema.org","@graph":[{"@type":"WebPage","@id":"https:\/\/valentinapeano-osteopata.it\/","url":"https:\/\/valentinapeano-osteopata.it\/","name":"Home page - Valentina Peano","isPartOf":{"@id":"https:\/\/valentinapeano-osteopata.it\/#website"},"datePublished":"2023-09-14T10:26:11+00:00","dateModified":"2025-06-10T14:13:16+00:00","breadcrumb":{"@id":"https:\/\/valentinapeano-osteopata.it\/#breadcrumb"},"inLanguage":"it-IT","potentialAction":[{"@type":"ReadAction","target":["https:\/\/valentinapeano-osteopata.it\/"]}]},{"@type":"BreadcrumbList","@id":"https:\/\/valentinapeano-osteopata.it\/#breadcrumb","itemListElement":[{"@type":"ListItem","position":1,"name":"Home","item":"https:\/\/valentinapeano-osteopata.it\/"},{"@type":"ListItem","position":2,"name":"Home page"}]},{"@type":"WebSite","@id":"https:\/\/valentinapeano-osteopata.it\/#website","url":"https:\/\/valentinapeano-osteopata.it\/","name":"Valentina Peano Osteopata","description":"Osteopata","publisher":{"@id":"https:\/\/valentinapeano-osteopata.it\/#\/schema\/person\/7c429a2423d0834a9faeb6e5a35d1f6b"},"potentialAction":[{"@type":"SearchAction","target":{"@type":"EntryPoint","urlTemplate":"https:\/\/valentinapeano-osteopata.it\/?s={search_term_string}"},"query-input":"required name=search_term_string"}],"inLanguage":"it-IT"},{"@type":["Person","Organization"],"@id":"https:\/\/valentinapeano-osteopata.it\/#\/schema\/person\/7c429a2423d0834a9faeb6e5a35d1f6b","name":"Valentina Peano","image":{"@type":"ImageObject","inLanguage":"it-IT","@id":"https:\/\/valentinapeano-osteopata.it\/#\/schema\/person\/image\/","url":"https:\/\/valentinapeano-osteopata.it\/wp-content\/uploads\/2024\/01\/cropped-Logo.png","contentUrl":"https:\/\/valentinapeano-osteopata.it\/wp-content\/uploads\/2024\/01\/cropped-Logo.png","width":292,"height":173,"caption":"Valentina Peano"},"logo":{"@id":"https:\/\/valentinapeano-osteopata.it\/#\/schema\/person\/image\/"},"sameAs":["https:\/\/valentinapeano-osteopata.it\/"]}]}},"_links":{"self":[{"href":"https:\/\/valentinapeano-osteopata.it\/index.php\/wp-json\/wp\/v2\/pages\/32","targetHints":{"allow":["GET"]}}],"collection":[{"href":"https:\/\/valentinapeano-osteopata.it\/index.php\/wp-json\/wp\/v2\/pages"}],"about":[{"href":"https:\/\/valentinapeano-osteopata.it\/index.php\/wp-json\/wp\/v2\/types\/page"}],"author":[{"embeddable":true,"href":"https:\/\/valentinapeano-osteopata.it\/index.php\/wp-json\/wp\/v2\/users\/1"}],"replies":[{"embeddable":true,"href":"https:\/\/valentinapeano-osteopata.it\/index.php\/wp-json\/wp\/v2\/comments?post=32"}],"version-history":[{"count":15,"href":"https:\/\/valentinapeano-osteopata.it\/index.php\/wp-json\/wp\/v2\/pages\/32\/revisions"}],"predecessor-version":[{"id":139,"href":"https:\/\/valentinapeano-osteopata.it\/index.php\/wp-json\/wp\/v2\/pages\/32\/revisions\/139"}],"wp:attachment":[{"href":"https:\/\/valentinapeano-osteopata.it\/index.php\/wp-json\/wp\/v2\/media?parent=32"}],"curies":[{"name":"wp","href":"https:\/\/api.w.org\/{rel}","templated":true}]}}